{"id":19,"date":"2020-10-07T18:54:03","date_gmt":"2020-10-07T18:54:03","guid":{"rendered":"https:\/\/www.sv-buttisholz.ch\/?page_id=19"},"modified":"2025-10-31T17:16:47","modified_gmt":"2025-10-31T16:16:47","slug":"feldschiessen","status":"publish","type":"page","link":"https:\/\/sv-buttisholz.ch\/?page_id=19","title":{"rendered":"Feldschiessen"},"content":{"rendered":"<div data-colibri-id=\"19-c1\" class=\"style-563 style-local-19-c1 position-relative\">\n  <!---->\n  <div data-colibri-component=\"section\" data-colibri-id=\"19-c2\" id=\"about\" class=\"h-section h-section-global-spacing d-flex align-items-lg-center align-items-md-center align-items-end style-768 style-local-19-c2 h-overflow-hidden position-relative\">\n    <div class=\"background-wrapper\">\n      <div class=\"background-layer background-layer-media-container-lg\">\n        <!---->\n        <div class=\"overlay-layer\">\n          <div class=\"overlay-image-layer\" style=\"background-image: linear-gradient(90deg, rgb(255, 255, 255) 55%, rgba(255, 255, 255, 0.5) 100%);\"><\/div>\n        <\/div>\n      <\/div>\n      <div class=\"background-layer background-layer-media-container-md\">\n        <!---->\n        <div class=\"overlay-layer\">\n          <div class=\"overlay-image-layer\" style=\"background-image: linear-gradient(90deg, rgb(255, 255, 255) 55%, rgba(255, 255, 255, 0.5) 100%);\"><\/div>\n        <\/div>\n      <\/div>\n      <div class=\"background-layer background-layer-media-container\">\n        <!---->\n        <div class=\"overlay-layer\">\n          <div class=\"overlay-image-layer\" style=\"background-image: linear-gradient(90deg, rgb(255, 255, 255) 55%, rgba(255, 255, 255, 0.5) 100%);\"><\/div>\n        <\/div>\n      <\/div>\n    <\/div>\n    <!---->\n    <div class=\"h-section-grid-container h-section-boxed-container\">\n      <div data-colibri-id=\"19-c6\" class=\"h-row-container gutters-row-lg-2 gutters-row-md-2 gutters-row-0 gutters-row-v-lg-2 gutters-row-v-md-2 gutters-row-v-2 style-773 style-local-19-c6 position-relative\">\n        <!---->\n        <div class=\"h-row justify-content-lg-center justify-content-md-center justify-content-center align-items-lg-stretch align-items-md-stretch align-items-stretch gutters-col-lg-2 gutters-col-md-2 gutters-col-0 gutters-col-v-lg-2 gutters-col-v-md-2 gutters-col-v-2\">\n          <!---->\n          <div class=\"h-column h-column-container d-flex h-col-lg-auto h-col-md-auto h-col-auto style-774-outer style-local-19-c7-outer\">\n            <div data-colibri-id=\"19-c7\" class=\"d-flex h-flex-basis h-column__inner h-px-lg-2 h-px-md-2 h-px-2 v-inner-lg-2 v-inner-md-2 v-inner-2 style-774 style-local-19-c7 position-relative\">\n              <!---->\n              <!---->\n              <div class=\"w-100 h-y-container h-column__content h-column__v-align flex-basis-100 align-self-lg-start align-self-md-start align-self-start\">\n                <!---->\n                <div data-colibri-id=\"19-c8\" class=\"d-block style-567 style-local-19-c8 position-relative h-element\">\n                  <!---->\n                  <div class=\"h-image__frame-container-outer\">\n                    <a href=\"https:\/\/sv-buttisholz.ch\/\" h-use-smooth-scroll=\"true\" class=\"image-link\">\n                      <div class=\"h-image__frame-container\">\n                        <!---->\n                        <!---->\n                        <img decoding=\"async\" width=\"73\" height=\"73\" data-src=\"https:\/\/sv-buttisholz.ch\/wp-content\/uploads\/2020\/10\/cropped-cropped-svbuttisholz_standarte_4_farbig_rund_75-2.png\" class=\"wp-image-558 style-567-image style-local-19-c8-image lazyload\" alt=\"\" src=\"data:image\/svg+xml;base64,PHN2ZyB3aWR0aD0iMSIgaGVpZ2h0PSIxIiB4bWxucz0iaHR0cDovL3d3dy53My5vcmcvMjAwMC9zdmciPjwvc3ZnPg==\" style=\"--smush-placeholder-width: 73px; --smush-placeholder-aspect-ratio: 73\/73;\" \/>\n                        <div class=\"h-image__frame h-hide-lg h-hide-md h-hide-sm style-567-frameImage style-local-19-c8-frameImage\"><\/div>\n                      <\/div>\n                    <\/a>\n                  <\/div>\n                <\/div>\n                <div data-colibri-id=\"19-c9\" class=\"h-text h-text-component style-776 style-local-19-c9 position-relative h-element\">\n                  <!---->\n                  <!---->\n                  <div class=\"\">\n                    <h3><span style=\"color: rgb(0, 98, 169); font-size: 70%;\">Das Eidgen\u00f6ssische Feldschiessen ist das gr\u00f6sste Sch\u00fctzenfest der Welt. F\u00fcr ein ganzes Wochenende wird eine der \u00e4ltesten Schiesstraditionen mit Geselligkeit &amp; Sportlichkeit auf nationaler Ebene zelebriert. Ein Fest f\u00fcr Sch\u00fctzen und solche, die gerne schiessen oder es probieren m\u00f6chten.<\/span><\/h3>\n                    <p>\n                      <br>\n                    <\/p>\n                  <\/div>\n                <\/div>\n                <div data-colibri-id=\"19-c10\" class=\"h-text h-text-component style-776 style-local-19-c10 position-relative h-element\">\n                  <!---->\n                  <!---->\n                  <div class=\"\">\n                    <h2><span style=\"font-weight: 400;\">Schiesszeiten<\/span><\/h2>\n                  <\/div>\n                <\/div>\n                <div data-colibri-id=\"19-c11\" class=\"h-text h-text-component style-776 style-local-19-c11 position-relative h-element\">\n                  <!---->\n                  <!---->\n                  <div class=\"\">\n                    <p><span style=\"font-weight: 300; font-size: 144%;\">Das Feldschiessen 2026 findet in&nbsp;<\/span>\n                      <u style=\"font-size: 23.040001px;\">Nottwil<\/u><span style=\"font-size: 144%;\">&nbsp;<\/span><span style=\"font-size: 144%; font-weight: 300;\">statt<\/span><span style=\"font-size: 144%;\">. <\/span><span style=\"font-size: 144%; font-weight: 300;\">Schiesszeiten folgen.<\/span><\/p>\n                  <\/div>\n                <\/div>\n                <div data-colibri-id=\"19-c12\" class=\"icon-list d-flex justify-content-lg-start justify-content-md-start justify-content-start style-812 style-local-19-c12 position-relative h-element\">\n                  <!---->\n                  <ul class=\"ul-list-icon vertical-on-desktop vertical-on-tablet vertical-on-mobile justify-content-lg-start justify-content-md-start justify-content-start\">\n                    <!---->\n                    <li class=\"list-item no-gutters\">\n                      <!---->\n                      <div class=\"list-container-divider d-flex justify-content-lg-start justify-content-md-start justify-content-start first-el-spacer\"><\/div> <span class=\"item-link no-gutters\"><div class=\"d-flex h-col no-gutters align-items-lg-center align-items-md-center align-items-center list-item-text-wrapper\"><div class=\"d-flex\"><span  class=\"h-svg-icon style-812-icon style-local-19-c12-icon\"><!--Icon by Icons8 Line Awesome (https:\/\/icons8.com\/line-awesome)--><svg version=\"1.1\" xmlns=\"http:\/\/www.w3.org\/2000\/svg\" xmlns:xlink=\"http:\/\/www.w3.org\/1999\/xlink\" id=\"calendar-o\" viewBox=\"0 0 512 545.5\"><path d=\"M144 96h32v16h160V96h32v16h64v352H80V112h64V96zm-32 48v32h288v-32h-32v16h-32v-16H176v16h-32v-16h-32zm0 64v224h288V208H112zm96 32h32v32h-32v-32zm64 0h32v32h-32v-32zm64 0h32v32h-32v-32zm-192 64h32v32h-32v-32zm64 0h32v32h-32v-32zm64 0h32v32h-32v-32zm64 0h32v32h-32v-32zm-192 64h32v32h-32v-32zm64 0h32v32h-32v-32zm64 0h32v32h-32v-32z\"><\/path><\/svg><\/span><\/div>\n                <span class=\"list-text d-block\"><span>Freitag, 16. Mai 2025 18:30 &#8211; 20:00 Uhr<\/span><\/span>\n              <\/div>\n              <\/span>\n              <div class=\"list-container-divider d-flex justify-content-lg-start justify-content-md-start justify-content-start\">\n                <!---->\n              <\/div>\n              <\/li>\n              <li class=\"list-item no-gutters\">\n                <!---->\n                <!----><span class=\"item-link no-gutters\"><div class=\"d-flex h-col no-gutters align-items-lg-center align-items-md-center align-items-center list-item-text-wrapper\"><div class=\"d-flex\"><span  class=\"h-svg-icon style-812-icon style-local-19-c12-icon\"><!--Icon by Icons8 Line Awesome (https:\/\/icons8.com\/line-awesome)--><svg version=\"1.1\" xmlns=\"http:\/\/www.w3.org\/2000\/svg\" xmlns:xlink=\"http:\/\/www.w3.org\/1999\/xlink\" id=\"calendar-o\" viewBox=\"0 0 512 545.5\"><path d=\"M144 96h32v16h160V96h32v16h64v352H80V112h64V96zm-32 48v32h288v-32h-32v16h-32v-16H176v16h-32v-16h-32zm0 64v224h288V208H112zm96 32h32v32h-32v-32zm64 0h32v32h-32v-32zm64 0h32v32h-32v-32zm-192 64h32v32h-32v-32zm64 0h32v32h-32v-32zm64 0h32v32h-32v-32zm64 0h32v32h-32v-32zm-192 64h32v32h-32v-32zm64 0h32v32h-32v-32zm64 0h32v32h-32v-32z\"><\/path><\/svg><\/span><\/div>\n            <span class=\"list-text d-block\"><span>Freitag, 23. Mai 2025 18:30 &#8211; 20:00 Uhr<\/span><\/span>\n          <\/div>\n          <\/span>\n          <div class=\"list-container-divider d-flex justify-content-lg-start justify-content-md-start justify-content-start\">\n            <!---->\n          <\/div>\n          <\/li>\n          <li class=\"list-item no-gutters\">\n            <!---->\n            <!----><span class=\"item-link no-gutters\"><div class=\"d-flex h-col no-gutters align-items-lg-center align-items-md-center align-items-center list-item-text-wrapper\"><div class=\"d-flex\"><span  class=\"h-svg-icon style-812-icon style-local-19-c12-icon\"><!--Icon by Icons8 Line Awesome (https:\/\/icons8.com\/line-awesome)--><svg version=\"1.1\" xmlns=\"http:\/\/www.w3.org\/2000\/svg\" xmlns:xlink=\"http:\/\/www.w3.org\/1999\/xlink\" id=\"calendar-o\" viewBox=\"0 0 512 545.5\"><path d=\"M144 96h32v16h160V96h32v16h64v352H80V112h64V96zm-32 48v32h288v-32h-32v16h-32v-16H176v16h-32v-16h-32zm0 64v224h288V208H112zm96 32h32v32h-32v-32zm64 0h32v32h-32v-32zm64 0h32v32h-32v-32zm-192 64h32v32h-32v-32zm64 0h32v32h-32v-32zm64 0h32v32h-32v-32zm64 0h32v32h-32v-32zm-192 64h32v32h-32v-32zm64 0h32v32h-32v-32zm64 0h32v32h-32v-32z\"><\/path><\/svg><\/span><\/div>\n        <span class=\"list-text d-block\"><span>Sonntag, 25. Mai 2025 10:00 &#8211; 11:30 Uhr<\/span><\/span>\n      <\/div>\n      <\/span>\n      <div class=\"list-container-divider d-flex justify-content-lg-start justify-content-md-start justify-content-start\" style=\"display: none;\">\n        <!---->\n      <\/div>\n      <div class=\"list-container-divider d-flex justify-content-lg-start justify-content-md-start justify-content-start last-el-spacer\"><\/div>\n      <\/li>\n      <\/ul>\n    <\/div>\n  <\/div>\n<\/div>\n<\/div>\n<\/div>\n<\/div>\n<div data-colibri-id=\"19-c3\" class=\"h-row-container gutters-row-lg-0 gutters-row-md-0 gutters-row-2 gutters-row-v-lg-0 gutters-row-v-md-0 gutters-row-v-0 style-769 style-local-19-c3 position-relative\">\n  <!---->\n  <div class=\"h-row justify-content-lg-start justify-content-md-start justify-content-center align-items-lg-stretch align-items-md-stretch align-items-stretch gutters-col-lg-0 gutters-col-md-0 gutters-col-2 gutters-col-v-lg-0 gutters-col-v-md-0 gutters-col-v-0\">\n    <!---->\n    <div class=\"h-column h-column-container d-flex h-col-lg-auto h-col-md-auto h-col-auto style-770-outer style-local-19-c4-outer\">\n      <div data-colibri-id=\"19-c4\" class=\"d-flex h-flex-basis h-column__inner h-px-lg-2 h-px-md-2 h-px-0 v-inner-lg-2 v-inner-md-2 v-inner-0 style-770 style-local-19-c4 position-relative\">\n        <!---->\n        <!---->\n        <div class=\"w-100 h-y-container h-column__content h-column__v-align flex-basis-100 align-self-lg-end align-self-md-end align-self-end\">\n          <!---->\n          <div data-colibri-id=\"19-c5\" class=\"h-lead h-text h-text-component style-772 style-local-19-c5 position-relative h-element\">\n            <!---->\n            <!---->\n            <div class=\"\">\n              <h3>DIE TEILNAHME KOMMT VOR DEM RANG!<\/h3>\n              <p>Auch dieses Jahr ist es f\u00fcr Jede und Jeden eine Ehrensache, mit einer&nbsp;grossen Beteiligung zu beweisen, dass Mitmachen viel wichtiger ist als ein Spitzenplatz.&nbsp;<\/p>\n              <h4>WER DARF TEILNEHMEN?<\/h4>\n              <p>Teilnahmeberechtigt sind Sch\u00fctzinnen und Sch\u00fctzen, die im Wettkampfjahr das 10. Altersjahr erreichen (Jahrgangs-Prinzip). Alle Nicht-Vereinsmitglieder m\u00fcssen einem Verein zur Betreuung, Abrechnung und Rangierung zugewiesen werden. Teilnehmende,\n                die nicht an der entsprechenden Waffe ausgebildet worden sind, sind durch den ihnen zugewiesenen Verein zu betreuen.<\/p>\n              <h4>MIT WELCHEN WAFFEN DARF TEILGENOMMEN WERDEN?<\/h4>\n              <p>Es darf nur mit Ordonnanzwaffen geschossen werden. Den Teilnehmenden steht die Wahl unter den zugelassenen Ordonnanzwaffen frei. Die Liste der zugelassenen Ordonnanzwaffen, das Verzeichnis der bewilligten Hilfsmittel zu Ordonnanz- und ordonnanz\u00e4hnlichen\n                Waffen im Schiessen ausser Dienst (Hilfsmittelverzeichnis) findest du\n                <a href=\"https:\/\/www.swissshooting.ch\/media\/15368\/27132_dfi-2020-hilfsmittelverzeichnis.pdf\" target=\"_blank\" class=\"customize-unpreviewable\" draggable=\"false\">hier<\/a>.<\/p>\n              <h4>WELCHES PROGRAMM WIRD GESCHOSSEN?<\/h4>\n              <p>1. Teil: Einzelfeuer. Es werden 6 Schuss innert 6 Minuten abgefeuert und einzeln gezeigt.<\/p>\n              <p>2. Teil: Kurzfeuer. Es werden zwei mal je 3 Sch\u00fcsse in je 60 Sekunden abgefeuert. Gezeigt wird nach je 3 Sch\u00fcssen.<\/p>\n              <p>3. Teil: Schnellfeuer. Es werden 6 Sch\u00fcsse in 60 Sekunden abgegeben. Am Schluss wird gezeigt.<\/p>\n              <h4>GESCHICHTE DES EIDGEN\u00d6SSISCHEN FELDSCHIESSENS<\/h4>\n              <p>Das Eidgen\u00f6ssische Feldschiessen ist das gr\u00f6sste Sch\u00fctzenfest der Welt und kann auf eine \u00fcber 130 j\u00e4hrige Tradition zur\u00fcckblicken.<\/p>\n              <p>Die Entwicklung des Feldschiessens h\u00e4ngt weitgehend mit derjenigen des Obligatorischen Schiessens zusammen. In der Milit\u00e4rorganisation vom 08.05.1850 wird erstmals das j\u00e4hrliche Zielschiessen f\u00fcr Mannschaften eingef\u00fchrt, wobei die Art der\n                Durchf\u00fchrung und das Schiessprogramm weitgehend den kantonalen Gesetzgebungen vorbehalten war. Die Schiessresultate waren jedoch allgemein unbefriedigend. \u201c&#8230;. von den auf die mittlere Distanz von 300m auf Mannsfigur abgegebenen Sch\u00fcssen\n                haben nur 15% getroffen und 85% sind vorbeigegangen\u201d. Aufgrund dieser Erkenntnisse wurde mit der MO 1874 eine obligatorische ausserdienstliche Schiesst\u00e4tigkeit eingef\u00fchrt. Am 08.10.1872 fand das erste Feldsektionswettschiessen auf dem\n                Twannberg statt. 1879 kann die Existenz von kantonalen Feldschiessen in den Kantonen Bern und Solothurn nachgewiesen werden. Zu einer st\u00e4ndigen Institution der Kantone wurden die Feldschiessen aber noch lange nicht.Nur in einigen wenigen\n                Kantonen der Zentralschweiz hatten sie festen Fuss gefasst und in den Kantonen Bern und Solothurn sogar bereits einen erfreulichen Grad der Entwicklung erreicht. Die an der Spitze des Schweizerischen Sch\u00fctzenvereins stehenden M\u00e4nner erkannten\n                schon fr\u00fchzeitig, dass sich in der Gestalt des Feldschiessens ein ungemein wirksames Mittel zu einer weiterreichenden F\u00f6rderung des freiwilligen Schiesswesens bot. Nachdem sich der SSV im Jahr 1899 vorerst bloss mit einer finanziellen\n                Unterst\u00fctzung begn\u00fcgt hatte, begann er sich bald nach der Jahrhundertwende durch das Aufstellen allgemein verbindlicher Grundlagen f\u00fcr die Durchf\u00fchrung dieser Wettschiessen zu schaffen. Am 12.06.1887 wurde zum ersten Mal im ganzen Kanton\n                Bern geschossen. Es nahmen 114 Sektionen mit 2258 Sch\u00fctzen teil.<\/p>\n              <p>Im Jahre 1919 wird das Pistolenfeldschiessen eingef\u00fchrt und 1926 nehmen erstmals s\u00e4mtliche Kantone am Feldschiessen teil. Seit 1940 wird das Feldschiessen j\u00e4hrlich durchgef\u00fchrt.&nbsp;Heute schiessen ca. 60% der Sch\u00fctzinnen und Sch\u00fctzen das\n                Kranzresultat.<\/p>\n            <\/div>\n          <\/div>\n        <\/div>\n      <\/div>\n    <\/div>\n  <\/div>\n<\/div>\n<\/div>\n<\/div>\n<\/div>","protected":false},"excerpt":{"rendered":"<p>Das Eidgen\u00f6ssische Feldschiessen ist das gr\u00f6sste Sch\u00fctzenfest der Welt. F\u00fcr ein ganzes Wochenende wird eine der \u00e4ltesten Schiesstraditionen mit Geselligkeit &amp; Sportlichkeit auf nationaler Ebene zelebriert. Ein Fest f\u00fcr Sch\u00fctzen und solche, die gerne schiessen oder es probieren m\u00f6chten. Schiesszeiten Das Feldschiessen 2026 findet in&nbsp; Nottwil&nbsp;statt. Schiesszeiten folgen. Freitag, 16. Mai 2025 18:30 &#8211; 20:00 [&hellip;]<\/p>\n","protected":false},"author":1,"featured_media":0,"parent":0,"menu_order":0,"comment_status":"closed","ping_status":"closed","template":"page-templates\/full-width-page.php","meta":{"footnotes":""},"class_list":["post-19","page","type-page","status-publish","hentry"],"_links":{"self":[{"href":"https:\/\/sv-buttisholz.ch\/index.php?rest_route=\/wp\/v2\/pages\/19","targetHints":{"allow":["GET"]}}],"collection":[{"href":"https:\/\/sv-buttisholz.ch\/index.php?rest_route=\/wp\/v2\/pages"}],"about":[{"href":"https:\/\/sv-buttisholz.ch\/index.php?rest_route=\/wp\/v2\/types\/page"}],"author":[{"embeddable":true,"href":"https:\/\/sv-buttisholz.ch\/index.php?rest_route=\/wp\/v2\/users\/1"}],"replies":[{"embeddable":true,"href":"https:\/\/sv-buttisholz.ch\/index.php?rest_route=%2Fwp%2Fv2%2Fcomments&post=19"}],"version-history":[{"count":19,"href":"https:\/\/sv-buttisholz.ch\/index.php?rest_route=\/wp\/v2\/pages\/19\/revisions"}],"predecessor-version":[{"id":7798,"href":"https:\/\/sv-buttisholz.ch\/index.php?rest_route=\/wp\/v2\/pages\/19\/revisions\/7798"}],"wp:attachment":[{"href":"https:\/\/sv-buttisholz.ch\/index.php?rest_route=%2Fwp%2Fv2%2Fmedia&parent=19"}],"curies":[{"name":"wp","href":"https:\/\/api.w.org\/{rel}","templated":true}]}}