{"id":778,"date":"2020-10-10T14:52:19","date_gmt":"2020-10-10T12:52:19","guid":{"rendered":"https:\/\/www.sv-buttisholz.ch\/picknick-schiessen\/"},"modified":"2025-10-31T17:05:56","modified_gmt":"2025-10-31T16:05:56","slug":"picknick-schiessen","status":"publish","type":"page","link":"https:\/\/sv-buttisholz.ch\/?page_id=778","title":{"rendered":"Picknick-Schiessen"},"content":{"rendered":"<div data-colibri-id=\"778-c1\" class=\"style-953 style-local-778-c1 position-relative\">\n  <!---->\n  <div data-colibri-component=\"section\" data-colibri-id=\"778-c2\" id=\"overlappable\" class=\"h-section h-section-global-spacing d-flex align-items-lg-center align-items-md-center align-items-center style-954 style-local-778-c2 position-relative\">\n    <!---->\n    <!---->\n    <div class=\"h-section-grid-container h-section-boxed-container\">\n      <div data-colibri-id=\"778-c17\" class=\"h-row-container gutters-row-lg-2 gutters-row-md-2 gutters-row-0 gutters-row-v-lg-2 gutters-row-v-md-2 gutters-row-v-2 style-967 style-local-778-c17 position-relative\">\n        <!---->\n        <div class=\"h-row justify-content-lg-center justify-content-md-center justify-content-center align-items-lg-stretch align-items-md-stretch align-items-stretch gutters-col-lg-2 gutters-col-md-2 gutters-col-0 gutters-col-v-lg-2 gutters-col-v-md-2 gutters-col-v-2\">\n          <!---->\n          <div class=\"h-column h-column-container d-flex h-col-lg-auto h-col-md-auto h-col-auto style-968-outer style-local-778-c18-outer\">\n            <div data-colibri-id=\"778-c18\" class=\"d-flex h-flex-basis h-column__inner h-px-lg-2 h-px-md-2 h-px-2 v-inner-lg-2 v-inner-md-2 v-inner-2 style-968 style-local-778-c18 position-relative\">\n              <!---->\n              <!---->\n              <div class=\"w-100 h-y-container h-column__content h-column__v-align flex-basis-100 align-self-lg-start align-self-md-start align-self-start\">\n                <!---->\n                <div data-colibri-id=\"778-c19\" class=\"d-flex align-items-center text-lg-center text-md-center text-center justify-content-lg-center justify-content-md-center justify-content-center style-973 style-local-778-c19 position-relative h-element\">\n                  <!---->\n                  <a rel=\"home\" href=\"https:\/\/sv-buttisholz.ch\/\" h-use-smooth-scroll=\"true\" class=\"d-flex align-items-center\">\n                    <img decoding=\"async\" data-src=\"https:\/\/sv-buttisholz.ch\/wp-content\/uploads\/2020\/10\/cropped-svbuttisholz_standarte_4_farbig_rund_75-2.png\" class=\"h-logo__image h-logo__image_h logo-image style-973-image style-local-778-c19-image lazyload\" alt=\"\" src=\"data:image\/svg+xml;base64,PHN2ZyB3aWR0aD0iMSIgaGVpZ2h0PSIxIiB4bWxucz0iaHR0cDovL3d3dy53My5vcmcvMjAwMC9zdmciPjwvc3ZnPg==\" style=\"--smush-placeholder-width: 73px; --smush-placeholder-aspect-ratio: 73\/73;\" \/>\n                    <img decoding=\"async\" data-src=\"https:\/\/sv-buttisholz.ch\/wp-content\/uploads\/2020\/10\/cropped-svbuttisholz_standarte_4_farbig_rund_75-2.png\" class=\"h-logo__alt-image h-logo__alt-image_h logo-alt-image style-973-image style-local-778-c19-image lazyload\" src=\"data:image\/svg+xml;base64,PHN2ZyB3aWR0aD0iMSIgaGVpZ2h0PSIxIiB4bWxucz0iaHR0cDovL3d3dy53My5vcmcvMjAwMC9zdmciPjwvc3ZnPg==\" style=\"--smush-placeholder-width: 73px; --smush-placeholder-aspect-ratio: 73\/73;\">\n                  <\/a>\n                <\/div>\n                <div data-colibri-id=\"778-c20\" class=\"h-global-transition-all h-heading style-969 style-local-778-c20 position-relative h-element\">\n                  <!---->\n                  <div class=\"h-heading__outer style-969 style-local-778-c20\">\n                    <!---->\n                    <!---->\n                    <h2 class=\"\"><span style=\"font-weight: 400;\">Schiesszeiten<\/span><\/h2>\n                  <\/div>\n                <\/div>\n                <div data-colibri-id=\"778-c21\" class=\"icon-list d-flex justify-content-lg-center justify-content-md-center justify-content-center style-974 style-local-778-c21 position-relative h-element\">\n                  <!---->\n                  <ul class=\"ul-list-icon vertical-on-desktop vertical-on-tablet vertical-on-mobile justify-content-lg-center justify-content-md-center justify-content-center\">\n                    <!---->\n                    <li class=\"list-item no-gutters\">\n                      <!---->\n                      <div class=\"list-container-divider d-flex justify-content-lg-center justify-content-md-center justify-content-center first-el-spacer\"><\/div> <span class=\"item-link no-gutters\"><div class=\"d-flex h-col no-gutters align-items-lg-center align-items-md-center align-items-center list-item-text-wrapper\"><div class=\"d-flex\"><span  class=\"h-svg-icon style-974-icon style-local-778-c21-icon\"><!--Icon by Icons8 Line Awesome (https:\/\/icons8.com\/line-awesome)--><svg version=\"1.1\" xmlns=\"http:\/\/www.w3.org\/2000\/svg\" xmlns:xlink=\"http:\/\/www.w3.org\/1999\/xlink\" id=\"calendar\" viewBox=\"0 0 512 545.5\"><path d=\"M144 96h32v16h160V96h32v16h64v352H80V112h64V96zm-32 48v32h288v-32h-32v16h-32v-16H176v16h-32v-16h-32zm0 64v224h288V208H112zm96 32h32v32h-32v-32zm64 0h32v32h-32v-32zm64 0h32v32h-32v-32zm-192 64h32v32h-32v-32zm64 0h32v32h-32v-32zm64 0h32v32h-32v-32zm64 0h32v32h-32v-32zm-192 64h32v32h-32v-32zm64 0h32v32h-32v-32zm64 0h32v32h-32v-32z\"><\/path><\/svg><\/span><\/div>\n                <span class=\"list-text d-block\"><span>Sonntag, 16. August 2026 09:30 &#8211; 10:30 Uhr<\/span><\/span>\n              <\/div>\n              <\/span>\n              <div class=\"list-container-divider d-flex justify-content-lg-center justify-content-md-center justify-content-center\" style=\"display: none;\">\n                <!---->\n              <\/div>\n              <div class=\"list-container-divider d-flex justify-content-lg-center justify-content-md-center justify-content-center last-el-spacer\"><\/div>\n              <\/li>\n              <\/ul>\n            <\/div>\n            <div data-colibri-id=\"778-c22\" class=\"h-text h-text-component style-970 style-local-778-c22 position-relative h-element\">\n              <!---->\n              <!---->\n              <div class=\"\">\n                <p><span style=\"color: black; font-family: &quot;Open Sans&quot;; font-size: 120%; font-weight: 300;\">Nach dem Schiessen treffen wir uns um ca. 12:00 Uhr zum Sch\u00fctzen Picknick<\/span><\/p>\n              <\/div>\n            <\/div>\n          <\/div>\n        <\/div>\n      <\/div>\n    <\/div>\n  <\/div>\n  <div data-colibri-id=\"778-c3\" class=\"h-row-container gutters-row-lg-2 gutters-row-md-2 gutters-row-2 gutters-row-v-lg-2 gutters-row-v-md-2 gutters-row-v-2 style-955 style-local-778-c3 position-relative\">\n    <!---->\n    <div class=\"h-row justify-content-lg-center justify-content-md-center justify-content-center align-items-lg-stretch align-items-md-stretch align-items-stretch gutters-col-lg-2 gutters-col-md-2 gutters-col-2 gutters-col-v-lg-2 gutters-col-v-md-2 gutters-col-v-2\">\n      <!---->\n      <div class=\"h-column h-column-container d-flex h-col-lg-auto h-col-md-auto h-col-auto style-956-outer style-local-778-c4-outer\">\n        <div data-colibri-id=\"778-c4\" class=\"d-flex h-flex-basis h-column__inner h-px-lg-2 h-px-md-2 h-px-2 v-inner-lg-2 v-inner-md-2 v-inner-2 style-956 style-local-778-c4 position-relative\">\n          <!---->\n          <!---->\n          <div class=\"w-100 h-y-container h-column__content h-column__v-align flex-basis-100 align-self-lg-center align-self-md-center align-self-center\">\n            <!---->\n            <div data-colibri-id=\"778-c5\" class=\"h-global-transition-all h-heading style-957 style-local-778-c5 position-relative h-element\">\n              <!---->\n              <div class=\"h-heading__outer style-957 style-local-778-c5\">\n                <!---->\n                <!---->\n                <h3 class=\"\">Wir freuen uns auf ein gem\u00fctliches Picknickschiessen mit der ganzen Familie<\/h3>\n              <\/div>\n            <\/div>\n            <div data-colibri-id=\"778-c6\" class=\"h-text h-text-component style-958 style-local-778-c6 position-relative h-element\">\n              <!---->\n              <!---->\n              <div class=\"\">\n                <p><strong style=\"font-family: &quot;Open Sans&quot;; font-size: 15pt; font-weight: 300;\">Mittagessen, Zobig, Teller, Besteck und Gl\u00e4ser m\u00fcssen selbst mitgebracht werden!<\/strong><strong style=\"font-family: Calibri, sans-serif; font-size: 15pt;\"> <\/strong><\/p>\n                <p><span style=\"font-weight: 300; color: black; font-family: &quot;Open Sans&quot;; font-size: 14pt;\">Suppe und Kaffee werden wie immer am Feuer zubereitet, dazwischen kann das mitgebrachte Fleisch grilliert werden.<\/span><\/p>\n                <p><span style=\"font-weight: 300; color: black; font-family: &quot;Open Sans&quot;; font-size: 14pt;\">Getr\u00e4nke werden zum Selbstkostenpreis abgegeben.<\/span><\/p>\n              <\/div>\n            <\/div>\n          <\/div>\n        <\/div>\n      <\/div>\n      <div class=\"h-column h-column-container d-flex h-col-lg-auto h-col-md-auto h-col-auto style-961-outer style-local-778-c7-outer\">\n        <div data-colibri-id=\"778-c7\" class=\"d-flex h-flex-basis h-column__inner h-px-lg-2 h-px-md-2 h-px-2 v-inner-lg-2 v-inner-md-2 v-inner-2 style-961 style-local-778-c7 position-relative\">\n          <!---->\n          <!---->\n          <div class=\"w-100 h-y-container h-column__content h-column__v-align flex-basis-100 align-self-lg-start align-self-md-start align-self-start\">\n            <!---->\n            <div data-colibri-id=\"778-c8\" class=\"h-row-container gutters-row-lg-2 gutters-row-md-2 gutters-row-0 gutters-row-v-lg-2 gutters-row-v-md-2 gutters-row-v-2 style-962 style-local-778-c8 position-relative\">\n              <!---->\n              <div class=\"h-row justify-content-lg-center justify-content-md-center justify-content-center align-items-lg-stretch align-items-md-stretch align-items-stretch gutters-col-lg-2 gutters-col-md-2 gutters-col-0 gutters-col-v-lg-2 gutters-col-v-md-2 gutters-col-v-2\">\n                <!---->\n                <div class=\"h-column h-column-container d-flex h-col-lg-6 h-col-md-6 h-col-12 style-963-outer style-local-778-c9-outer\">\n                  <div data-colibri-id=\"778-c9\" class=\"d-flex h-flex-basis h-column__inner h-px-lg-0 h-px-md-0 h-px-0 v-inner-lg-0 v-inner-md-0 v-inner-0 style-963 style-local-778-c9 position-relative\">\n                    <!---->\n                    <!---->\n                    <div class=\"w-100 h-y-container h-column__content h-column__v-align flex-basis-100 align-self-lg-start align-self-md-start align-self-start\">\n                      <!---->\n                      <div data-colibri-id=\"778-c10\" class=\"h-icon style-964 style-local-778-c10 position-relative h-element\">\n                        <!----><span class=\"h-svg-icon h-icon__icon style-964-icon style-local-778-c10-icon\"><!--Icon by Icons8 Line Awesome (https:\/\/icons8.com\/line-awesome)--><svg version=\"1.1\" xmlns=\"http:\/\/www.w3.org\/2000\/svg\" xmlns:xlink=\"http:\/\/www.w3.org\/1999\/xlink\" id=\"angle-double-down\" viewBox=\"0 0 512 545.5\"><path d=\"M83.5 139L256 311.5 428.5 139l23 22.5-184 184L256 357l-11.5-11.5-184-184zm0 112L256 423.5 428.5 251l23 22.5-184 184L256 469l-11.5-11.5-184-184z\"><\/path><\/svg><\/span><\/div>\n                      <div\n                        data-colibri-id=\"778-c11\" class=\"h-global-transition-all h-heading style-965 style-local-778-c11 position-relative h-element\">\n                        <!---->\n                        <div class=\"h-heading__outer style-965 style-local-778-c11\">\n                          <!---->\n                          <!---->\n                          <h5 class=\"\">Programm<\/h5>\n                        <\/div>\n                    <\/div>\n                    <div data-colibri-id=\"778-c12\" class=\"h-text h-text-component style-966 style-local-778-c12 position-relative h-element\">\n                      <!---->\n                      <!---->\n                      <div class=\"\">\n                        <p><span style=\"font-size: 18.6667px; font-family: &quot;Open Sans&quot;; font-weight: 300; color: rgb(23, 37, 42);\">Wertung A100<\/span><span style=\"font-size: 14pt; font-family: &quot;Open Sans&quot;; font-weight: 300;\"><br>2 Probesch\u00fcsse<br>5 Schuss Einzelfeuer<br>2 Schuss Seriefeuer<br>3 Schuss Seriefeuer&nbsp;<\/span><\/p>\n                      <\/div>\n                    <\/div>\n                  <\/div>\n                <\/div>\n              <\/div>\n              <div class=\"h-column h-column-container d-flex h-col-lg-6 h-col-md-6 h-col-12 style-963-outer style-local-778-c13-outer\">\n                <div data-colibri-id=\"778-c13\" class=\"d-flex h-flex-basis h-column__inner h-px-lg-0 h-px-md-0 h-px-0 v-inner-lg-0 v-inner-md-0 v-inner-0 style-963 style-local-778-c13 position-relative\">\n                  <!---->\n                  <!---->\n                  <div class=\"w-100 h-y-container h-column__content h-column__v-align flex-basis-100 align-self-lg-start align-self-md-start align-self-start\">\n                    <!---->\n                    <div data-colibri-id=\"778-c14\" class=\"h-icon style-964 style-local-778-c14 position-relative h-element\">\n                      <!----><span class=\"h-svg-icon h-icon__icon style-964-icon style-local-778-c14-icon\"><!--Icon by Icons8 Line Awesome (https:\/\/icons8.com\/line-awesome)--><svg version=\"1.1\" xmlns=\"http:\/\/www.w3.org\/2000\/svg\" xmlns:xlink=\"http:\/\/www.w3.org\/1999\/xlink\" id=\"angle-double-down\" viewBox=\"0 0 512 545.5\"><path d=\"M83.5 139L256 311.5 428.5 139l23 22.5-184 184L256 357l-11.5-11.5-184-184zm0 112L256 423.5 428.5 251l23 22.5-184 184L256 469l-11.5-11.5-184-184z\"><\/path><\/svg><\/span><\/div>\n                    <div\n                      data-colibri-id=\"778-c15\" class=\"h-global-transition-all h-heading style-965 style-local-778-c15 position-relative h-element\">\n                      <!---->\n                      <div class=\"h-heading__outer style-965 style-local-778-c15\">\n                        <!---->\n                        <!---->\n                        <h5 class=\"\">Preis<\/h5>\n                      <\/div>\n                  <\/div>\n                  <div data-colibri-id=\"778-c16\" class=\"h-text h-text-component style-966 style-local-778-c16 position-relative h-element\">\n                    <!---->\n                    <!---->\n                    <div class=\"\">\n                      <p>Stichdoppel Fr. 10.-<\/p>\n                    <\/div>\n                  <\/div>\n                <\/div>\n              <\/div>\n            <\/div>\n          <\/div>\n        <\/div>\n      <\/div>\n    <\/div>\n  <\/div>\n<\/div>\n<\/div>\n<\/div>\n<\/div>\n<div data-colibri-component=\"section\" data-colibri-id=\"778-c23\" id=\"custom\" class=\"h-section h-section-global-spacing d-flex align-items-lg-center align-items-md-center align-items-center style-1296 style-local-778-c23 position-relative\">\n  <!---->\n  <!---->\n  <div class=\"h-section-grid-container h-section-boxed-container\">\n    <!---->\n    <div data-colibri-id=\"778-c24\" class=\"h-row-container gutters-row-lg-2 gutters-row-md-2 gutters-row-0 gutters-row-v-lg-2 gutters-row-v-md-2 gutters-row-v-2 style-1300 style-local-778-c24 position-relative\">\n      <!---->\n      <div class=\"h-row justify-content-lg-center justify-content-md-center justify-content-center align-items-lg-stretch align-items-md-stretch align-items-stretch gutters-col-lg-2 gutters-col-md-2 gutters-col-0 gutters-col-v-lg-2 gutters-col-v-md-2 gutters-col-v-2\">\n        <!---->\n        <div class=\"h-column h-column-container d-flex h-col-lg-auto h-col-md-auto h-col-auto style-1301-outer style-local-778-c25-outer\">\n          <div data-colibri-id=\"778-c25\" class=\"d-flex h-flex-basis h-column__inner h-px-lg-2 h-px-md-2 h-px-2 v-inner-lg-2 v-inner-md-2 v-inner-2 style-1301 style-local-778-c25 position-relative\">\n            <!---->\n            <!---->\n            <div class=\"w-100 h-y-container h-column__content h-column__v-align flex-basis-100 align-self-lg-start align-self-md-start align-self-start\">\n              <!---->\n              <div data-colibri-id=\"778-c26\" class=\"h-text h-text-component style-1302 style-local-778-c26 position-relative h-element\">\n                <!---->\n                <!---->\n                <div class=\"\">\n                  <h2><span style=\"font-family: &quot;Open Sans&quot;;\">Ranglisten<\/span><\/h2>\n                <\/div>\n              <\/div>\n            <\/div>\n          <\/div>\n        <\/div>\n      <\/div>\n    <\/div>\n    <div data-colibri-id=\"778-c27\" class=\"h-row-container gutters-row-lg-2 gutters-row-md-2 gutters-row-0 gutters-row-v-lg-2 gutters-row-v-md-2 gutters-row-v-2 style-1297 style-local-778-c27 position-relative\">\n      <!---->\n      <div class=\"h-row justify-content-lg-center justify-content-md-center justify-content-center align-items-lg-stretch align-items-md-stretch align-items-stretch gutters-col-lg-2 gutters-col-md-2 gutters-col-0 gutters-col-v-lg-2 gutters-col-v-md-2 gutters-col-v-2\">\n        <!---->\n        <div class=\"h-column h-column-container d-flex h-col-lg-auto h-col-md-auto h-col-auto style-1298-outer style-local-778-c28-outer\">\n          <div data-colibri-id=\"778-c28\" class=\"d-flex h-flex-basis h-column__inner h-px-lg-2 h-px-md-2 h-px-2 v-inner-lg-2 v-inner-md-2 v-inner-2 style-1298 style-local-778-c28 position-relative\">\n            <!---->\n            <!---->\n            <div class=\"w-100 h-y-container h-column__content h-column__v-align flex-basis-100 align-self-lg-start align-self-md-start align-self-start\">\n              <!---->\n              <div data-colibri-id=\"778-c29\" class=\"h-text h-text-component style-1306 style-local-778-c29 position-relative h-element\">\n                <!---->\n                <!---->\n                <div class=\"\">\n                  <h3><span style=\"font-weight: 400;\">2022<\/span><\/h3>\n                  <p>\n                    <br>\n                  <\/p>\n                <\/div>\n              <\/div>\n              <div data-colibri-id=\"778-c30\" class=\"style-1303 style-local-778-c30 position-relative h-element\">\n                <!---->\n                <div class=\"\">\n                  <iframe data-src=\"https:\/\/onedrive.live.com\/embed?cid=A468A658BC89000B&amp;resid=A468A658BC89000B%216369&amp;authkey=AEp4E3fBlJNxyLA\" width=\"165\" height=\"128\" frameborder=\"0\" scrolling=\"no\" src=\"data:image\/svg+xml;base64,PHN2ZyB3aWR0aD0iMSIgaGVpZ2h0PSIxIiB4bWxucz0iaHR0cDovL3d3dy53My5vcmcvMjAwMC9zdmciPjwvc3ZnPg==\" class=\"lazyload\" data-load-mode=\"1\"><\/iframe>\n                <\/div>\n              <\/div>\n            <\/div>\n          <\/div>\n        <\/div>\n      <\/div>\n    <\/div>\n  <\/div>\n<\/div>\n<\/div>","protected":false},"excerpt":{"rendered":"<p>Schiesszeiten Sonntag, 16. August 2026 09:30 &#8211; 10:30 Uhr Nach dem Schiessen treffen wir uns um ca. 12:00 Uhr zum Sch\u00fctzen Picknick Wir freuen uns auf ein gem\u00fctliches Picknickschiessen mit der ganzen Familie Mittagessen, Zobig, Teller, Besteck und Gl\u00e4ser m\u00fcssen selbst mitgebracht werden! Suppe und Kaffee werden wie immer am Feuer zubereitet, dazwischen kann das [&hellip;]<\/p>\n","protected":false},"author":1,"featured_media":0,"parent":0,"menu_order":0,"comment_status":"closed","ping_status":"closed","template":"page-templates\/full-width-page.php","meta":{"footnotes":""},"class_list":["post-778","page","type-page","status-publish","hentry"],"_links":{"self":[{"href":"https:\/\/sv-buttisholz.ch\/index.php?rest_route=\/wp\/v2\/pages\/778","targetHints":{"allow":["GET"]}}],"collection":[{"href":"https:\/\/sv-buttisholz.ch\/index.php?rest_route=\/wp\/v2\/pages"}],"about":[{"href":"https:\/\/sv-buttisholz.ch\/index.php?rest_route=\/wp\/v2\/types\/page"}],"author":[{"embeddable":true,"href":"https:\/\/sv-buttisholz.ch\/index.php?rest_route=\/wp\/v2\/users\/1"}],"replies":[{"embeddable":true,"href":"https:\/\/sv-buttisholz.ch\/index.php?rest_route=%2Fwp%2Fv2%2Fcomments&post=778"}],"version-history":[{"count":11,"href":"https:\/\/sv-buttisholz.ch\/index.php?rest_route=\/wp\/v2\/pages\/778\/revisions"}],"predecessor-version":[{"id":7777,"href":"https:\/\/sv-buttisholz.ch\/index.php?rest_route=\/wp\/v2\/pages\/778\/revisions\/7777"}],"wp:attachment":[{"href":"https:\/\/sv-buttisholz.ch\/index.php?rest_route=%2Fwp%2Fv2%2Fmedia&parent=778"}],"curies":[{"name":"wp","href":"https:\/\/api.w.org\/{rel}","templated":true}]}}