{"id":779,"date":"2020-10-10T14:55:25","date_gmt":"2020-10-10T12:55:25","guid":{"rendered":"https:\/\/www.sv-buttisholz.ch\/trainingsdaten\/"},"modified":"2026-03-14T23:40:46","modified_gmt":"2026-03-14T22:40:46","slug":"trainingsdaten","status":"publish","type":"page","link":"https:\/\/sv-buttisholz.ch\/?page_id=779","title":{"rendered":"Trainingsdaten"},"content":{"rendered":"<div data-colibri-id=\"779-c1\" class=\"style-873 style-local-779-c1 position-relative\">\n  <!---->\n  <div data-colibri-component=\"section\" data-colibri-id=\"779-c2\" id=\"custom\" class=\"h-section h-section-global-spacing d-flex align-items-lg-center align-items-md-center align-items-center style-874 style-local-779-c2 position-relative\">\n    <!---->\n    <!---->\n    <div class=\"h-section-grid-container h-section-boxed-container\">\n      <!---->\n      <div data-colibri-id=\"779-c3\" class=\"h-row-container gutters-row-lg-2 gutters-row-md-2 gutters-row-0 gutters-row-v-lg-2 gutters-row-v-md-2 gutters-row-v-2 style-892 style-local-779-c3 position-relative\">\n        <!---->\n        <div class=\"h-row justify-content-lg-center justify-content-md-center justify-content-center align-items-lg-stretch align-items-md-stretch align-items-stretch gutters-col-lg-2 gutters-col-md-2 gutters-col-0 gutters-col-v-lg-2 gutters-col-v-md-2 gutters-col-v-2\">\n          <!---->\n          <div class=\"h-column h-column-container d-flex h-col-lg-auto h-col-md-auto h-col-auto style-893-outer style-local-779-c4-outer\">\n            <div data-colibri-id=\"779-c4\" class=\"d-flex h-flex-basis h-column__inner h-px-lg-2 h-px-md-2 h-px-2 v-inner-lg-2 v-inner-md-2 v-inner-2 style-893 style-local-779-c4 position-relative\">\n              <!---->\n              <!---->\n              <div class=\"w-100 h-y-container h-column__content h-column__v-align flex-basis-100 align-self-lg-start align-self-md-start align-self-start\">\n                <!---->\n                <div data-colibri-id=\"779-c5\" class=\"h-text h-text-component style-894 style-local-779-c5 position-relative h-element\">\n                  <!---->\n                  <!---->\n                  <div class=\"\">\n                    <h2><span style=\"font-weight: 400;\">Training und Jungsch\u00fctzenkurs<\/span><\/h2>\n                  <\/div>\n                <\/div>\n              <\/div>\n            <\/div>\n          <\/div>\n        <\/div>\n      <\/div>\n      <div data-colibri-id=\"779-c6\" class=\"h-row-container gutters-row-lg-2 gutters-row-md-2 gutters-row-0 gutters-row-v-lg-2 gutters-row-v-md-2 gutters-row-v-2 style-875 style-local-779-c6 position-relative\">\n        <!---->\n        <div class=\"h-row justify-content-lg-center justify-content-md-center justify-content-center align-items-lg-stretch align-items-md-stretch align-items-stretch gutters-col-lg-2 gutters-col-md-2 gutters-col-0 gutters-col-v-lg-2 gutters-col-v-md-2 gutters-col-v-2\">\n          <!---->\n          <div class=\"h-column h-column-container d-flex h-col-lg-auto h-col-md-auto h-col-auto style-876-outer style-local-779-c7-outer\">\n            <div data-colibri-id=\"779-c7\" class=\"d-flex h-flex-basis h-column__inner h-px-lg-2 h-px-md-2 h-px-2 v-inner-lg-2 v-inner-md-2 v-inner-2 style-876 style-local-779-c7 position-relative\">\n              <!---->\n              <!---->\n              <div class=\"w-100 h-y-container h-column__content h-column__v-align flex-basis-100 align-self-lg-start align-self-md-start align-self-start\">\n                <!---->\n                <div data-colibri-id=\"779-c8\" data-aos=\"fadeInDown\" class=\"h-icon style-1059 style-local-779-c8 position-relative h-element\">\n                  <!----><span class=\"h-svg-icon h-icon__icon style-1059-icon style-local-779-c8-icon\"><!--Icon by Icons8 Line Awesome (https:\/\/icons8.com\/line-awesome)--><svg version=\"1.1\" xmlns=\"http:\/\/www.w3.org\/2000\/svg\" xmlns:xlink=\"http:\/\/www.w3.org\/1999\/xlink\" id=\"angle-double-down\" viewBox=\"0 0 512 545.5\"><path d=\"M83.5 139L256 311.5 428.5 139l23 22.5-184 184L256 357l-11.5-11.5-184-184zm0 112L256 423.5 428.5 251l23 22.5-184 184L256 469l-11.5-11.5-184-184z\"><\/path><\/svg><\/span><\/div>\n                <div\n                  data-colibri-id=\"779-c9\" class=\"h-text h-text-component style-895 style-local-779-c9 position-relative h-element\">\n                  <!---->\n                  <!---->\n                  <div class=\"\">\n                    <p><span style=\"font-size: 144%; font-weight: 300;\">Standblattausgabe jeweils bis 15 Minuten vor Trainingsbeginn und Trainingsende<\/span><\/p>\n                  <\/div>\n              <\/div>\n              <div data-colibri-id=\"779-c10\" data-aos=\"fadeInUp\" class=\"h-icon style-1061 style-local-779-c10 position-relative h-element\">\n                <!----><span class=\"h-svg-icon h-icon__icon style-1061-icon style-local-779-c10-icon\"><!--Icon by Icons8 Line Awesome (https:\/\/icons8.com\/line-awesome)--><svg version=\"1.1\" xmlns=\"http:\/\/www.w3.org\/2000\/svg\" xmlns:xlink=\"http:\/\/www.w3.org\/1999\/xlink\" id=\"angle-double-up\" viewBox=\"0 0 512 545.5\"><path d=\"M256 107l11.5 11.5 184 184-23 22.5L256 152.5 83.5 325l-23-22.5 184-184zm0 112l11.5 11.5 184 184-23 22.5L256 264.5 83.5 437l-23-22.5 184-184z\"><\/path><\/svg><\/span><\/div>\n              <div\n                data-colibri-id=\"779-c11\" class=\"icon-list d-flex justify-content-lg-center justify-content-md-center justify-content-center style-877 style-local-779-c11 position-relative h-element\">\n                <!---->\n                <ul class=\"ul-list-icon vertical-on-desktop vertical-on-tablet vertical-on-mobile justify-content-lg-center justify-content-md-center justify-content-center\">\n                  <!---->\n                  <li class=\"list-item no-gutters\">\n                    <!---->\n                    <div class=\"list-container-divider d-flex justify-content-lg-center justify-content-md-center justify-content-center first-el-spacer\"><\/div> <span class=\"item-link no-gutters\"><div class=\"d-flex h-col no-gutters align-items-lg-center align-items-md-center align-items-center list-item-text-wrapper\"><div class=\"d-flex\"><span  class=\"h-svg-icon style-877-icon style-local-779-c11-icon\"><!--Icon by Icons8 Line Awesome (https:\/\/icons8.com\/line-awesome)--><svg version=\"1.1\" xmlns=\"http:\/\/www.w3.org\/2000\/svg\" xmlns:xlink=\"http:\/\/www.w3.org\/1999\/xlink\" id=\"calendar-o\" viewBox=\"0 0 512 545.5\"><path d=\"M144 96h32v16h160V96h32v16h64v352H80V112h64V96zm-32 48v32h288v-32h-32v16h-32v-16H176v16h-32v-16h-32zm0 64v224h288V208H112zm96 32h32v32h-32v-32zm64 0h32v32h-32v-32zm64 0h32v32h-32v-32zm-192 64h32v32h-32v-32zm64 0h32v32h-32v-32zm64 0h32v32h-32v-32zm64 0h32v32h-32v-32zm-192 64h32v32h-32v-32zm64 0h32v32h-32v-32zm64 0h32v32h-32v-32z\"><\/path><\/svg><\/span><\/div>\n            <span class=\"list-text d-block\"><span>Samstag, 14. M\u00e4rz 2026 09:30 &#8211; 11:30 Uhr<\/span><\/span>\n          <\/div>\n          <\/span>\n          <div class=\"list-container-divider d-flex justify-content-lg-center justify-content-md-center justify-content-center\">\n            <!---->\n          <\/div>\n          <\/li>\n          <li class=\"list-item no-gutters\">\n            <!---->\n            <!----><span class=\"item-link no-gutters\"><div class=\"d-flex h-col no-gutters align-items-lg-center align-items-md-center align-items-center list-item-text-wrapper\"><div class=\"d-flex\"><span  class=\"h-svg-icon style-877-icon style-local-779-c11-icon\"><!--Icon by Icons8 Line Awesome (https:\/\/icons8.com\/line-awesome)--><svg version=\"1.1\" xmlns=\"http:\/\/www.w3.org\/2000\/svg\" xmlns:xlink=\"http:\/\/www.w3.org\/1999\/xlink\" id=\"calendar-o\" viewBox=\"0 0 512 545.5\"><path d=\"M144 96h32v16h160V96h32v16h64v352H80V112h64V96zm-32 48v32h288v-32h-32v16h-32v-16H176v16h-32v-16h-32zm0 64v224h288V208H112zm96 32h32v32h-32v-32zm64 0h32v32h-32v-32zm64 0h32v32h-32v-32zm-192 64h32v32h-32v-32zm64 0h32v32h-32v-32zm64 0h32v32h-32v-32zm64 0h32v32h-32v-32zm-192 64h32v32h-32v-32zm64 0h32v32h-32v-32zm64 0h32v32h-32v-32z\"><\/path><\/svg><\/span><\/div>\n        <span class=\"list-text d-block\"><span>Samstag, 28. M\u00e4rz 2026 09:30 &#8211; 11:30 Uhr<\/span><\/span>\n      <\/div>\n      <\/span>\n      <div class=\"list-container-divider d-flex justify-content-lg-center justify-content-md-center justify-content-center\">\n        <!---->\n      <\/div>\n      <\/li>\n      <li class=\"list-item no-gutters\">\n        <!---->\n        <!----><span class=\"item-link no-gutters\"><div class=\"d-flex h-col no-gutters align-items-lg-center align-items-md-center align-items-center list-item-text-wrapper\"><div class=\"d-flex\"><span  class=\"h-svg-icon style-877-icon style-local-779-c11-icon\"><!--Icon by Icons8 Line Awesome (https:\/\/icons8.com\/line-awesome)--><svg version=\"1.1\" xmlns=\"http:\/\/www.w3.org\/2000\/svg\" xmlns:xlink=\"http:\/\/www.w3.org\/1999\/xlink\" id=\"calendar-o\" viewBox=\"0 0 512 545.5\"><path d=\"M144 96h32v16h160V96h32v16h64v352H80V112h64V96zm-32 48v32h288v-32h-32v16h-32v-16H176v16h-32v-16h-32zm0 64v224h288V208H112zm96 32h32v32h-32v-32zm64 0h32v32h-32v-32zm64 0h32v32h-32v-32zm-192 64h32v32h-32v-32zm64 0h32v32h-32v-32zm64 0h32v32h-32v-32zm64 0h32v32h-32v-32zm-192 64h32v32h-32v-32zm64 0h32v32h-32v-32zm64 0h32v32h-32v-32z\"><\/path><\/svg><\/span><\/div>\n    <span class=\"list-text d-block\"><span>Freitag, 17. April 2026 18:30 &#8211; 20:30 Uhr<\/span><\/span>\n  <\/div>\n  <\/span>\n  <div class=\"list-container-divider d-flex justify-content-lg-center justify-content-md-center justify-content-center\">\n    <!---->\n  <\/div>\n  <\/li>\n  <li class=\"list-item no-gutters\">\n    <!---->\n    <!----><span class=\"item-link no-gutters\"><div class=\"d-flex h-col no-gutters align-items-lg-center align-items-md-center align-items-center list-item-text-wrapper\"><div class=\"d-flex\"><span  class=\"h-svg-icon style-877-icon style-local-779-c11-icon\"><!--Icon by Icons8 Line Awesome (https:\/\/icons8.com\/line-awesome)--><svg version=\"1.1\" xmlns=\"http:\/\/www.w3.org\/2000\/svg\" xmlns:xlink=\"http:\/\/www.w3.org\/1999\/xlink\" id=\"calendar-o\" viewBox=\"0 0 512 545.5\"><path d=\"M144 96h32v16h160V96h32v16h64v352H80V112h64V96zm-32 48v32h288v-32h-32v16h-32v-16H176v16h-32v-16h-32zm0 64v224h288V208H112zm96 32h32v32h-32v-32zm64 0h32v32h-32v-32zm64 0h32v32h-32v-32zm-192 64h32v32h-32v-32zm64 0h32v32h-32v-32zm64 0h32v32h-32v-32zm64 0h32v32h-32v-32zm-192 64h32v32h-32v-32zm64 0h32v32h-32v-32zm64 0h32v32h-32v-32z\"><\/path><\/svg><\/span><\/div>\n<span class=\"list-text d-block\"><span>Freitag, 24. April 2026 18:30 &#8211; 20:30 Uhr<\/span><\/span>\n<\/div>\n<\/span>\n<div class=\"list-container-divider d-flex justify-content-lg-center justify-content-md-center justify-content-center\">\n  <!---->\n<\/div>\n<\/li>\n<li class=\"list-item no-gutters\">\n  <!---->\n  <!----><span class=\"item-link no-gutters\"><div class=\"d-flex h-col no-gutters align-items-lg-center align-items-md-center align-items-center list-item-text-wrapper\"><div class=\"d-flex\"><span  class=\"h-svg-icon style-877-icon style-local-779-c11-icon\"><!--Icon by Icons8 Line Awesome (https:\/\/icons8.com\/line-awesome)--><svg version=\"1.1\" xmlns=\"http:\/\/www.w3.org\/2000\/svg\" xmlns:xlink=\"http:\/\/www.w3.org\/1999\/xlink\" id=\"calendar-o\" viewBox=\"0 0 512 545.5\"><path d=\"M144 96h32v16h160V96h32v16h64v352H80V112h64V96zm-32 48v32h288v-32h-32v16h-32v-16H176v16h-32v-16h-32zm0 64v224h288V208H112zm96 32h32v32h-32v-32zm64 0h32v32h-32v-32zm64 0h32v32h-32v-32zm-192 64h32v32h-32v-32zm64 0h32v32h-32v-32zm64 0h32v32h-32v-32zm64 0h32v32h-32v-32zm-192 64h32v32h-32v-32zm64 0h32v32h-32v-32zm64 0h32v32h-32v-32z\"><\/path><\/svg><\/span><\/div>\n  <span class=\"list-text d-block\"><span>Freitag, 01. Mai 2026 18:30 &#8211; 20:30 Uhr<br><\/span><\/span>\n  <\/div>\n  <\/span>\n  <div class=\"list-container-divider d-flex justify-content-lg-center justify-content-md-center justify-content-center\">\n    <!---->\n  <\/div>\n<\/li>\n<li class=\"list-item no-gutters\">\n  <!---->\n  <!----><span class=\"item-link no-gutters\"><div class=\"d-flex h-col no-gutters align-items-lg-center align-items-md-center align-items-center list-item-text-wrapper\"><div class=\"d-flex\"><span  class=\"h-svg-icon style-877-icon style-local-779-c11-icon\"><!--Icon by Icons8 Line Awesome (https:\/\/icons8.com\/line-awesome)--><svg version=\"1.1\" xmlns=\"http:\/\/www.w3.org\/2000\/svg\" xmlns:xlink=\"http:\/\/www.w3.org\/1999\/xlink\" id=\"calendar-o\" viewBox=\"0 0 512 545.5\"><path d=\"M144 96h32v16h160V96h32v16h64v352H80V112h64V96zm-32 48v32h288v-32h-32v16h-32v-16H176v16h-32v-16h-32zm0 64v224h288V208H112zm96 32h32v32h-32v-32zm64 0h32v32h-32v-32zm64 0h32v32h-32v-32zm-192 64h32v32h-32v-32zm64 0h32v32h-32v-32zm64 0h32v32h-32v-32zm64 0h32v32h-32v-32zm-192 64h32v32h-32v-32zm64 0h32v32h-32v-32zm64 0h32v32h-32v-32z\"><\/path><\/svg><\/span><\/div>\n  <span class=\"list-text d-block\"><span>Freitag, 08. Mai 2026 18:30 &#8211; 20:30 Uhr<\/span><\/span>\n  <\/div>\n  <\/span>\n  <div class=\"list-container-divider d-flex justify-content-lg-center justify-content-md-center justify-content-center\">\n    <!---->\n  <\/div>\n<\/li>\n<li class=\"list-item no-gutters\">\n  <!---->\n  <!----><span class=\"item-link no-gutters\"><div class=\"d-flex h-col no-gutters align-items-lg-center align-items-md-center align-items-center list-item-text-wrapper\"><div class=\"d-flex\"><span  class=\"h-svg-icon style-877-icon style-local-779-c11-icon\"><!--Icon by Icons8 Line Awesome (https:\/\/icons8.com\/line-awesome)--><svg version=\"1.1\" xmlns=\"http:\/\/www.w3.org\/2000\/svg\" xmlns:xlink=\"http:\/\/www.w3.org\/1999\/xlink\" id=\"calendar-o\" viewBox=\"0 0 512 545.5\"><path d=\"M144 96h32v16h160V96h32v16h64v352H80V112h64V96zm-32 48v32h288v-32h-32v16h-32v-16H176v16h-32v-16h-32zm0 64v224h288V208H112zm96 32h32v32h-32v-32zm64 0h32v32h-32v-32zm64 0h32v32h-32v-32zm-192 64h32v32h-32v-32zm64 0h32v32h-32v-32zm64 0h32v32h-32v-32zm64 0h32v32h-32v-32zm-192 64h32v32h-32v-32zm64 0h32v32h-32v-32zm64 0h32v32h-32v-32z\"><\/path><\/svg><\/span><\/div>\n  <span class=\"list-text d-block\"><span>Mittwoch, 13. Mai 2026 18:30 &#8211; 20:30 Uhr<\/span><\/span>\n  <\/div>\n  <\/span>\n  <div class=\"list-container-divider d-flex justify-content-lg-center justify-content-md-center justify-content-center\">\n    <!---->\n  <\/div>\n<\/li>\n<li class=\"list-item no-gutters\">\n  <!---->\n  <!----><span class=\"item-link no-gutters\"><div class=\"d-flex h-col no-gutters align-items-lg-center align-items-md-center align-items-center list-item-text-wrapper\"><div class=\"d-flex\"><span  class=\"h-svg-icon style-877-icon style-local-779-c11-icon\"><!--Icon by Icons8 Line Awesome (https:\/\/icons8.com\/line-awesome)--><svg version=\"1.1\" xmlns=\"http:\/\/www.w3.org\/2000\/svg\" xmlns:xlink=\"http:\/\/www.w3.org\/1999\/xlink\" id=\"calendar-o\" viewBox=\"0 0 512 545.5\"><path d=\"M144 96h32v16h160V96h32v16h64v352H80V112h64V96zm-32 48v32h288v-32h-32v16h-32v-16H176v16h-32v-16h-32zm0 64v224h288V208H112zm96 32h32v32h-32v-32zm64 0h32v32h-32v-32zm64 0h32v32h-32v-32zm-192 64h32v32h-32v-32zm64 0h32v32h-32v-32zm64 0h32v32h-32v-32zm64 0h32v32h-32v-32zm-192 64h32v32h-32v-32zm64 0h32v32h-32v-32zm64 0h32v32h-32v-32z\"><\/path><\/svg><\/span><\/div>\n  <span class=\"list-text d-block\"><span>Freitag, 22. Mai 2026 18:30 &#8211; 20:30 Uhr<\/span><\/span>\n  <\/div>\n  <\/span>\n  <div class=\"list-container-divider d-flex justify-content-lg-center justify-content-md-center justify-content-center\">\n    <!---->\n  <\/div>\n<\/li>\n<li class=\"list-item no-gutters\">\n  <!---->\n  <!----><span class=\"item-link no-gutters\"><div class=\"d-flex h-col no-gutters align-items-lg-center align-items-md-center align-items-center list-item-text-wrapper\"><div class=\"d-flex\"><span  class=\"h-svg-icon style-877-icon style-local-779-c11-icon\"><!--Icon by Icons8 Line Awesome (https:\/\/icons8.com\/line-awesome)--><svg version=\"1.1\" xmlns=\"http:\/\/www.w3.org\/2000\/svg\" xmlns:xlink=\"http:\/\/www.w3.org\/1999\/xlink\" id=\"calendar-o\" viewBox=\"0 0 512 545.5\"><path d=\"M144 96h32v16h160V96h32v16h64v352H80V112h64V96zm-32 48v32h288v-32h-32v16h-32v-16H176v16h-32v-16h-32zm0 64v224h288V208H112zm96 32h32v32h-32v-32zm64 0h32v32h-32v-32zm64 0h32v32h-32v-32zm-192 64h32v32h-32v-32zm64 0h32v32h-32v-32zm64 0h32v32h-32v-32zm64 0h32v32h-32v-32zm-192 64h32v32h-32v-32zm64 0h32v32h-32v-32zm64 0h32v32h-32v-32z\"><\/path><\/svg><\/span><\/div>\n  <span class=\"list-text d-block\"><span>Mittwoch, 03. Juni 2026 18:30 &#8211; 20:30 Uhr<\/span><\/span>\n  <\/div>\n  <\/span>\n  <div class=\"list-container-divider d-flex justify-content-lg-center justify-content-md-center justify-content-center\">\n    <!---->\n  <\/div>\n<\/li>\n<li class=\"list-item no-gutters\">\n  <!---->\n  <!----><span class=\"item-link no-gutters\"><div class=\"d-flex h-col no-gutters align-items-lg-center align-items-md-center align-items-center list-item-text-wrapper\"><div class=\"d-flex\"><span  class=\"h-svg-icon style-877-icon style-local-779-c11-icon\"><!--Icon by Icons8 Line Awesome (https:\/\/icons8.com\/line-awesome)--><svg version=\"1.1\" xmlns=\"http:\/\/www.w3.org\/2000\/svg\" xmlns:xlink=\"http:\/\/www.w3.org\/1999\/xlink\" id=\"calendar-o\" viewBox=\"0 0 512 545.5\"><path d=\"M144 96h32v16h160V96h32v16h64v352H80V112h64V96zm-32 48v32h288v-32h-32v16h-32v-16H176v16h-32v-16h-32zm0 64v224h288V208H112zm96 32h32v32h-32v-32zm64 0h32v32h-32v-32zm64 0h32v32h-32v-32zm-192 64h32v32h-32v-32zm64 0h32v32h-32v-32zm64 0h32v32h-32v-32zm64 0h32v32h-32v-32zm-192 64h32v32h-32v-32zm64 0h32v32h-32v-32zm64 0h32v32h-32v-32z\"><\/path><\/svg><\/span><\/div>\n  <span class=\"list-text d-block\"><span>Freitag, 12. Juni 2026 18:30 &#8211; 20:30 Uhr<\/span><\/span>\n  <\/div>\n  <\/span>\n  <div class=\"list-container-divider d-flex justify-content-lg-center justify-content-md-center justify-content-center\">\n    <!---->\n  <\/div>\n<\/li>\n<li class=\"list-item no-gutters\">\n  <!---->\n  <!----><span class=\"item-link no-gutters\"><div class=\"d-flex h-col no-gutters align-items-lg-center align-items-md-center align-items-center list-item-text-wrapper\"><div class=\"d-flex\"><span  class=\"h-svg-icon style-877-icon style-local-779-c11-icon\"><!--Icon by Icons8 Line Awesome (https:\/\/icons8.com\/line-awesome)--><svg version=\"1.1\" xmlns=\"http:\/\/www.w3.org\/2000\/svg\" xmlns:xlink=\"http:\/\/www.w3.org\/1999\/xlink\" id=\"calendar-o\" viewBox=\"0 0 512 545.5\"><path d=\"M144 96h32v16h160V96h32v16h64v352H80V112h64V96zm-32 48v32h288v-32h-32v16h-32v-16H176v16h-32v-16h-32zm0 64v224h288V208H112zm96 32h32v32h-32v-32zm64 0h32v32h-32v-32zm64 0h32v32h-32v-32zm-192 64h32v32h-32v-32zm64 0h32v32h-32v-32zm64 0h32v32h-32v-32zm64 0h32v32h-32v-32zm-192 64h32v32h-32v-32zm64 0h32v32h-32v-32zm64 0h32v32h-32v-32z\"><\/path><\/svg><\/span><\/div>\n  <span class=\"list-text d-block\"><span>Freitag, 26. Juni 2026 18:30 &#8211; 20:30 Uhr<\/span><\/span>\n  <\/div>\n  <\/span>\n  <div class=\"list-container-divider d-flex justify-content-lg-center justify-content-md-center justify-content-center\" style=\"display: none;\">\n    <!---->\n  <\/div>\n  <div class=\"list-container-divider d-flex justify-content-lg-center justify-content-md-center justify-content-center last-el-spacer\"><\/div>\n<\/li>\n<\/ul>\n<\/div>\n<\/div>\n<\/div>\n<\/div>\n<\/div>\n<\/div>\n<div data-colibri-id=\"779-c12\" class=\"h-row-container gutters-row-lg-2 gutters-row-md-2 gutters-row-0 gutters-row-v-lg-2 gutters-row-v-md-2 gutters-row-v-2 style-1054 style-local-779-c12 position-relative\">\n  <!---->\n  <div class=\"h-row justify-content-lg-center justify-content-md-center justify-content-center align-items-lg-stretch align-items-md-stretch align-items-stretch gutters-col-lg-2 gutters-col-md-2 gutters-col-0 gutters-col-v-lg-2 gutters-col-v-md-2 gutters-col-v-2\">\n    <!---->\n    <div class=\"h-column h-column-container d-flex h-col-lg-auto h-col-md-auto h-col-auto style-1055-outer style-local-779-c13-outer\">\n      <div data-colibri-id=\"779-c13\" class=\"d-flex h-flex-basis h-column__inner h-px-lg-2 h-px-md-2 h-px-2 v-inner-lg-2 v-inner-md-2 v-inner-2 style-1055 style-local-779-c13 position-relative\">\n        <!---->\n        <!---->\n        <div class=\"w-100 h-y-container h-column__content h-column__v-align flex-basis-100 align-self-lg-start align-self-md-start align-self-start\">\n          <!---->\n          <div data-colibri-id=\"779-c14\" class=\"h-x-container style-1056 style-local-779-c14 position-relative h-element\">\n            <!---->\n            <div class=\"h-x-container-inner style-dynamic-779-c14-group style-1056-spacing style-local-779-c14-spacing\"><span class=\"h-link__outer style-1057-outer style-local-779-c15-outer d-inline-flex h-element\"><a h-use-smooth-scroll=\"true\" href=\"https:\/\/sv-buttisholz.ch\/wp-content\/uploads\/2026\/03\/2026_Jahresprogramm.pdf\" data-fancybox=\"section-group-8wv9qsaCEQ7Zi4nSK1CF7v\"  data-colibri-id=\"779-c15\" class=\"d-flex w-100 align-items-center h-link style-1057 style-local-779-c15 position-relative\"><!----><span  class=\"h-svg-icon h-link__icon style-1057-icon style-local-779-c15-icon\"><!--Icon by Icons8 Line Awesome (https:\/\/icons8.com\/line-awesome)--><svg version=\"1.1\" xmlns=\"http:\/\/www.w3.org\/2000\/svg\" xmlns:xlink=\"http:\/\/www.w3.org\/1999\/xlink\" id=\"file-pdf-o\" viewBox=\"0 0 512 545.5\"><path d=\"M80 80h320v416H80V80zm32 32v352h256V112H112zm118.5 85.5h.5c5.286.11 10.504 2.157 14.5 5.5 4.117 3.444 6.842 7.962 8.5 12.5 3.316 9.075 3.76 19.01 3 30.5-.63 9.517-5.213 21.635-7.5 32.5 2.985 6.724 3.964 12.38 7.5 19 6.548 12.256 13.765 19.465 21 29 8.268-.425 18.026-2.91 25-2 9.068 1.185 17.425 2.97 24 10 3.288 3.516 5.9 8.85 6 14s-1.574 9.72-4 14v.5h-.5c-5.515 9.375-15.5 15.61-25.5 15s-18.376-5.893-26-12.5c-3.784-3.28-6.858-9.852-10.5-14-8.47.964-14.488-.016-23.5 2-8.594 1.923-14.427 5.32-22.5 8-5.35 10.753-9.585 24.14-15.5 32-6.398 8.503-13.08 15.75-22.5 19-4.71 1.625-10.318 1.547-15.5-.5s-9.05-5.576-12-10c-5.952-8.46-6.465-20.21-2-28.5s11.952-14.193 20.5-19.5c7.938-4.928 19.924-7.203 30-11 4.418-9.563 9.223-15.744 13-26.5 4.398-12.525 5.13-23.286 8-35.5-5.6-13.394-12.594-27.388-15-39-2.056-9.92-2.707-18.902-.5-27.5 1.103-4.3 2.94-8.565 7-12 3.937-3.332 9.61-5.077 14.5-5zM241 316c-.964 2.947-.973 5.575-2 8.5-.88 2.51-2.08 4.024-3 6.5.766-.177 1.233-.828 2-1 4.563-1.02 7.99-.197 12.5-1-3.083-4.727-6.607-7.94-9.5-13zm59 32.5c-1.018-.133-3.37.588-4.5.5 3.883 2.727 7.924 4.935 9 5 1.282.078 1.528.283 3.5-3 .195-.343-.117-.245 0-.5-.718-.307-2.602-1.295-8-2zm-112 25c-.503.297-1.52.702-2 1-6.552 4.068-10.34 8.345-11.5 10.5s-1.647 1.16 0 3.5h.5c.315.473-.192.28 0 .5 1.135-.475 5.617-3.51 10.5-10 .866-1.15 1.612-4.193 2.5-5.5z\"><\/path><\/svg><\/span>              <span>Jahresprogramm 2026<\/span><\/a>\n              <\/span>\n            <\/div>\n          <\/div>\n        <\/div>\n      <\/div>\n    <\/div>\n  <\/div>\n<\/div>\n<\/div>\n<\/div>\n<\/div>","protected":false},"excerpt":{"rendered":"<p>Training und Jungsch\u00fctzenkurs Standblattausgabe jeweils bis 15 Minuten vor Trainingsbeginn und Trainingsende Samstag, 14. M\u00e4rz 2026 09:30 &#8211; 11:30 Uhr Samstag, 28. M\u00e4rz 2026 09:30 &#8211; 11:30 Uhr Freitag, 17. April 2026 18:30 &#8211; 20:30 Uhr Freitag, 24. April 2026 18:30 &#8211; 20:30 Uhr Freitag, 01. Mai 2026 18:30 &#8211; 20:30 Uhr Freitag, 08. Mai [&hellip;]<\/p>\n","protected":false},"author":1,"featured_media":0,"parent":0,"menu_order":0,"comment_status":"closed","ping_status":"closed","template":"page-templates\/full-width-page.php","meta":{"footnotes":""},"class_list":["post-779","page","type-page","status-publish","hentry"],"_links":{"self":[{"href":"https:\/\/sv-buttisholz.ch\/index.php?rest_route=\/wp\/v2\/pages\/779","targetHints":{"allow":["GET"]}}],"collection":[{"href":"https:\/\/sv-buttisholz.ch\/index.php?rest_route=\/wp\/v2\/pages"}],"about":[{"href":"https:\/\/sv-buttisholz.ch\/index.php?rest_route=\/wp\/v2\/types\/page"}],"author":[{"embeddable":true,"href":"https:\/\/sv-buttisholz.ch\/index.php?rest_route=\/wp\/v2\/users\/1"}],"replies":[{"embeddable":true,"href":"https:\/\/sv-buttisholz.ch\/index.php?rest_route=%2Fwp%2Fv2%2Fcomments&post=779"}],"version-history":[{"count":20,"href":"https:\/\/sv-buttisholz.ch\/index.php?rest_route=\/wp\/v2\/pages\/779\/revisions"}],"predecessor-version":[{"id":7946,"href":"https:\/\/sv-buttisholz.ch\/index.php?rest_route=\/wp\/v2\/pages\/779\/revisions\/7946"}],"wp:attachment":[{"href":"https:\/\/sv-buttisholz.ch\/index.php?rest_route=%2Fwp%2Fv2%2Fmedia&parent=779"}],"curies":[{"name":"wp","href":"https:\/\/api.w.org\/{rel}","templated":true}]}}